{"id":392,"date":"2017-06-12T22:01:07","date_gmt":"2017-06-12T22:01:07","guid":{"rendered":"http:\/\/orthobenoitc.com\/?page_id=392\/"},"modified":"2018-07-16T15:28:23","modified_gmt":"2018-07-16T15:28:23","slug":"orthodontic-treatments","status":"publish","type":"page","link":"https:\/\/orthobenoitc.com\/en\/orthodontic-treatments\/","title":{"rendered":"Orthodontic treatments"},"content":{"rendered":"<section class=\"wpb-content-wrapper\">[vc_row fullwidth=&#8221;true&#8221; el_class=&#8221;row-padding-top background-img2&#8243; css=&#8221;.vc_custom_1497305282625{background-image: url(http:\/\/orthobenoitc.com\/wp-content\/uploads\/2017\/06\/top-women-smile.jpg?id=111) !important;}&#8221;][vc_column width=&#8221;2\/3&#8243;][mk_fancy_title tag_name=&#8221;h1&#8243; margin_bottom=&#8221;0&#8243; font_family=&#8221;none&#8221; align=&#8221;center&#8221; animation=&#8221;scale-up&#8221;]\n<h1>ORTHODONTIC TREATMENTS<\/h1>\n<h6>THE OPTIONS PROPOSED BY DR. CARRIER<\/h6>\n[\/mk_fancy_title][mk_button dimension=&#8221;flat&#8221; size=&#8221;large&#8221; url=&#8221;\/en\/contact\/&#8221; align=&#8221;center&#8221; margin_top=&#8221;15&#8243; animation=&#8221;bottom-to-top&#8221; el_class=&#8221;btn-align-left-mobile&#8221; bg_color=&#8221;#60b1a8&#8243; btn_hover_bg=&#8221;#00af9b&#8221;]Make an appointment[\/mk_button][\/vc_column][vc_column width=&#8221;1\/3&#8243;][\/vc_column][\/vc_row][vc_row][vc_column width=&#8221;1\/6&#8243;][\/vc_column][vc_column width=&#8221;2\/3&#8243;][mk_padding_divider size=&#8221;70&#8243;][vc_separator color=&#8221;custom&#8221; el_width=&#8221;10&#8243; css_animation=&#8221;none&#8221; accent_color=&#8221;#dd8e84&#8243;][vc_column_text align=&#8221;center&#8221; el_class=&#8221;txt-intro&#8221;]Orthodontic treatments adapted to your situation, your budget and your expectations and a professional and regular follow-up by a renowned doctor in esthetic dentistry.[\/vc_column_text][vc_separator color=&#8221;custom&#8221; el_width=&#8221;10&#8243; css_animation=&#8221;none&#8221; accent_color=&#8221;#dd8e84&#8243;][mk_padding_divider size=&#8221;60&#8243;][\/vc_column][vc_column width=&#8221;1\/6&#8243;][\/vc_column][\/vc_row][vc_row fullwidth=&#8221;true&#8221; visibility=&#8221;hidden-sm&#8221; css=&#8221;.vc_custom_1497305217030{background-image: url(http:\/\/orthobenoitc.com\/wp-content\/uploads\/2017\/06\/bloc2-man-smile.jpg?id=396) !important;}&#8221; el_class=&#8221;row-padding background-img-position&#8221;][vc_column width=&#8221;1\/2&#8243;][\/vc_column][vc_column width=&#8221;1\/2&#8243; el_class=&#8221;column-padding-right&#8221;][mk_fancy_title font_family=&#8221;none&#8221; animation=&#8221;scale-up&#8221;]\n<h2>Orthodontic treatments: smile at life!<\/h2>\n[\/mk_fancy_title][vc_column_text]Considering orthodontic treatments is an investment for life! Orthodontics is one of the most in-demand esthetic dental treatments in Quebec every year.<br \/>\nThe reason is simple, this treatment gives patients the confidence to bring out their best smile at any time of the day!<br \/>\nIn recent years, the field of orthodontics has seen several new techniques and technologies change the nature of its practice. It is now entirely possible to integrate orthodontics into your daily life without having to fear the aesthetic impacts and physical discomfort that are too often wrongly associated with modern orthodontic treatments.[\/vc_column_text][\/vc_column][\/vc_row][vc_row fullwidth=&#8221;true&#8221; visibility=&#8221;visible-sm&#8221; css=&#8221;.vc_custom_1497305233653{background-image: url(http:\/\/orthobenoitc.com\/wp-content\/uploads\/2017\/06\/bloc2-man-smile.jpg?id=396) !important;background-position: center !important;background-repeat: no-repeat !important;background-size: cover !important;}&#8221; el_class=&#8221;row-padding&#8221;][vc_column width=&#8221;1\/2&#8243;][\/vc_column][vc_column width=&#8221;1\/2&#8243; el_class=&#8221;column-padding-right&#8221; css=&#8221;.vc_custom_1496694904201{margin-left: 40% !important;}&#8221;][mk_fancy_title font_family=&#8221;none&#8221; animation=&#8221;scale-up&#8221;]\n<h2>Orthodontic treatments: smile at life!<\/h2>\n[\/mk_fancy_title][\/vc_column][\/vc_row][vc_row visibility=&#8221;visible-sm&#8221;][vc_column][vc_column_text]Considering orthodontic treatments is an investment for life! Orthodontics is one of the most in-demand esthetic dental treatments in Quebec every year.<br \/>\nThe reason is simple, this treatment gives patients the confidence to bring out their best smile at any time of the day!<br \/>\nIn recent years, the field of orthodontics has seen several new techniques and technologies change the nature of its practice. It is now entirely possible to integrate orthodontics into your daily life without having to fear the aesthetic impacts and physical discomfort that are too often wrongly associated with modern orthodontic treatments.[\/vc_column_text][\/vc_column][\/vc_row][vc_row][vc_column][mk_padding_divider size=&#8221;120&#8243; visibility=&#8221;hidden-sm&#8221;][\/vc_column][\/vc_row][vc_row column_padding=&#8221;5&#8243;][vc_column][mk_fancy_title font_family=&#8221;none&#8221; align=&#8221;center&#8221; animation=&#8221;scale-up&#8221;]\n<h2>Orthodontic treatments offered by Dr. Carrier<\/h2>\n[\/mk_fancy_title][\/vc_column][vc_column width=&#8221;1\/3&#8243; el_class=&#8221;min-height&#8221;][mk_fancy_title tag_name=&#8221;h3&#8243; color=&#8221;#dd8e84&#8243; size=&#8221;20&#8243; margin_bottom=&#8221;19&#8243; font_family=&#8221;none&#8221; align=&#8221;center&#8221;]Invisible orthodontics<br \/>\nwith Invisalign aligners[\/mk_fancy_title][vc_column_text el_class=&#8221;min-height&#8221;]\n<p style=\"text-align: justify; text-align-last: center;\">Offered from adolescence, orthodontic treatment via Invisalign aligners is a discreet and user-friendly way to correct imperfections in the dentition of patients. With the ability to be removed during meals or tooth brushing, these removable polystyrene moulds are appreciated by numerous patients in orthodontics supervised by Dr. Carrier.<\/p>\n[\/vc_column_text][mk_button dimension=&#8221;flat&#8221; size=&#8221;medium&#8221; url=&#8221;\/en\/invisible-orthodontics\/&#8221; align=&#8221;center&#8221; margin_top=&#8221;15&#8243; animation=&#8221;bottom-to-top&#8221; bg_color=&#8221;#60b1a8&#8243; btn_hover_bg=&#8221;#00af9b&#8221;]Learn more[\/mk_button][\/vc_column][vc_column width=&#8221;1\/3&#8243;][mk_fancy_title tag_name=&#8221;h3&#8243; color=&#8221;#dd8e84&#8243; size=&#8221;20&#8243; margin_bottom=&#8221;19&#8243; font_family=&#8221;none&#8221; align=&#8221;center&#8221;]Hidden or<br \/>\nlingual orthodontics[\/mk_fancy_title][vc_column_text el_class=&#8221;min-height&#8221;]\n<p style=\"text-align: justify; text-align-last: center;\">This type of treatment is very similar to traditional braces, except that the outfitting in this case is placed behind the teeth rather than on the visible surface. Also called lingual orthodontics, this treatment is intended for patients wishing to avoid the more obvious esthetic impact of traditional braces and therefore, no one will notice them. No one will know you\u2019re wearing braces!<\/p>\n[\/vc_column_text][mk_button dimension=&#8221;flat&#8221; size=&#8221;medium&#8221; url=&#8221;\/en\/lingual-orthodontics\/&#8221; align=&#8221;center&#8221; margin_top=&#8221;15&#8243; animation=&#8221;bottom-to-top&#8221; bg_color=&#8221;#60b1a8&#8243; btn_hover_bg=&#8221;#00af9b&#8221;]Learn more[\/mk_button][\/vc_column][vc_column width=&#8221;1\/3&#8243;][mk_fancy_title tag_name=&#8221;h3&#8243; color=&#8221;#dd8e84&#8243; size=&#8221;20&#8243; margin_bottom=&#8221;19&#8243; font_family=&#8221;none&#8221; align=&#8221;center&#8221;]3D orthodontics: classical orthodontic treatment reviewed and corrected[\/mk_fancy_title][vc_column_text el_class=&#8221;min-height&#8221;]\n<p style=\"text-align: justify; text-align-last: center;\">Oubliez l\u2019\u00e9poque des broches imposantes, l\u2019orthodontie 3D offre d\u00e9sormais un traitement plus esth\u00e9tique et confortable aux patients de tous les \u00e2ges. Que vous optiez pour les bo\u00eetiers m\u00e9talliques ou pour des bagues en c\u00e9ramiques, vous obtiendrez avec l\u2019orthodontie 3D des r\u00e9sultats rapides et efficaces.<\/p>\n[\/vc_column_text][mk_button dimension=&#8221;flat&#8221; size=&#8221;medium&#8221; url=&#8221;\/en\/3d-orthodontics\/&#8221; align=&#8221;center&#8221; margin_top=&#8221;15&#8243; animation=&#8221;bottom-to-top&#8221; bg_color=&#8221;#60b1a8&#8243; btn_hover_bg=&#8221;#00af9b&#8221;]Learn more[\/mk_button][\/vc_column][\/vc_row][vc_row][vc_column][mk_padding_divider size=&#8221;120&#8243; visibility=&#8221;hidden-sm&#8221;][\/vc_column][\/vc_row][vc_row fullwidth=&#8221;true&#8221; parallax=&#8221;content-moving&#8221; parallax_speed_bg=&#8221;1.6&#8243; css=&#8221;.vc_custom_1496332802414{background-color: #eb9b8b !important;background-position: center;background-repeat: no-repeat;background-size: cover !important;}&#8221;][vc_column][mk_padding_divider size=&#8221;70&#8243;][\/vc_column][vc_column width=&#8221;1\/4&#8243;][\/vc_column][vc_column width=&#8221;1\/2&#8243;][mk_fancy_title color=&#8221;#ffffff&#8221; size=&#8221;42&#8243; font_weight=&#8221;bold&#8221; font_family=&#8221;none&#8221; align=&#8221;center&#8221; animation=&#8221;scale-up&#8221;]Choose Dr. Carrier[\/mk_fancy_title][vc_column_text align=&#8221;center&#8221; el_class=&#8221;txt-intro-white&#8221;]No matter which of the options listed above you choose, you will always receive personalized treatment and supervision from a doctor in our dental centers.<br \/>\nTrust Dr. Carrier&#8217;s expertise and know-how for orthodontic treatment that will fit <a href=\"\/en\/payment-methods\/\">any budget<\/a> and lifestyle needs.[\/vc_column_text][\/vc_column][vc_column width=&#8221;1\/4&#8243;][\/vc_column][vc_column][mk_padding_divider size=&#8221;63&#8243;][\/vc_column][\/vc_row]\n<\/section>","protected":false},"excerpt":{"rendered":"<p>[vc_row fullwidth=&#8221;true&#8221; el_class=&#8221;row-padding-top background-img2&#8243; css=&#8221;.vc_custom_1497305282625{background-image: url(http:\/\/orthobenoitc.com\/wp-content\/uploads\/2017\/06\/top-women-smile.jpg?id=111) !important;}&#8221;][vc_column width=&#8221;2\/3&#8243;][mk_fancy_title tag_name=&#8221;h1&#8243; margin_bottom=&#8221;0&#8243; font_family=&#8221;none&#8221; align=&#8221;center&#8221; animation=&#8221;scale-up&#8221;] ORTHODONTIC TREATMENTS THE OPTIONS PROPOSED BY DR. CARRIER [\/mk_fancy_title][mk_button dimension=&#8221;flat&#8221; size=&#8221;large&#8221; url=&#8221;\/en\/contact\/&#8221; align=&#8221;center&#8221; margin_top=&#8221;15&#8243; animation=&#8221;bottom-to-top&#8221; el_class=&#8221;btn-align-left-mobile&#8221; bg_color=&#8221;#60b1a8&#8243; btn_hover_bg=&#8221;#00af9b&#8221;]Make an appointment[\/mk_button][\/vc_column][vc_column width=&#8221;1\/3&#8243;][\/vc_column][\/vc_row][vc_row][vc_column width=&#8221;1\/6&#8243;][\/vc_column][vc_column width=&#8221;2\/3&#8243;][mk_padding_divider size=&#8221;70&#8243;][vc_separator color=&#8221;custom&#8221; el_width=&#8221;10&#8243; css_animation=&#8221;none&#8221; accent_color=&#8221;#dd8e84&#8243;][vc_column_text align=&#8221;center&#8221; el_class=&#8221;txt-intro&#8221;]Orthodontic treatments adapted to your situation, your budget and your expectations and a [&hellip;]<\/p>\n","protected":false},"author":1,"featured_media":0,"parent":0,"menu_order":0,"comment_status":"closed","ping_status":"closed","template":"","meta":{"footnotes":""},"class_list":["post-392","page","type-page","status-publish","hentry"],"yoast_head":"<!-- This site is optimized with the Yoast SEO plugin v26.9 - https:\/\/yoast.com\/product\/yoast-seo-wordpress\/ -->\n<title>Orthodontic Treatments at the Centre dentaire Repentigny &amp; Amari<\/title>\n<meta name=\"description\" content=\"Discover the various types of orthodontic treatments offered by Dr. Carrier to patients at the Centre dentaire Repentigny and Amari. Find your best smile!\" \/>\n<meta name=\"robots\" content=\"index, follow, max-snippet:-1, max-image-preview:large, max-video-preview:-1\" \/>\n<link rel=\"canonical\" href=\"https:\/\/orthobenoitc.com\/en\/orthodontic-treatments\/\" \/>\n<meta property=\"og:locale\" content=\"en_US\" \/>\n<meta property=\"og:type\" content=\"article\" \/>\n<meta property=\"og:title\" content=\"Orthodontic Treatments at the Centre dentaire Repentigny &amp; Amari\" \/>\n<meta property=\"og:description\" content=\"Discover the various types of orthodontic treatments offered by Dr. Carrier to patients at the Centre dentaire Repentigny and Amari. Find your best smile!\" \/>\n<meta property=\"og:url\" content=\"https:\/\/orthobenoitc.com\/en\/orthodontic-treatments\/\" \/>\n<meta property=\"og:site_name\" content=\"Centre Dentaire Repentigny\" \/>\n<meta property=\"article:modified_time\" content=\"2018-07-16T15:28:23+00:00\" \/>\n<meta name=\"twitter:card\" content=\"summary_large_image\" \/>\n<meta name=\"twitter:label1\" content=\"Est. reading time\" \/>\n\t<meta name=\"twitter:data1\" content=\"5 minutes\" \/>\n<script type=\"application\/ld+json\" class=\"yoast-schema-graph\">{\"@context\":\"https:\/\/schema.org\",\"@graph\":[{\"@type\":\"WebPage\",\"@id\":\"https:\/\/orthobenoitc.com\/en\/orthodontic-treatments\/\",\"url\":\"https:\/\/orthobenoitc.com\/en\/orthodontic-treatments\/\",\"name\":\"Orthodontic Treatments at the Centre dentaire Repentigny & Amari\",\"isPartOf\":{\"@id\":\"https:\/\/orthobenoitc.com\/#website\"},\"datePublished\":\"2017-06-12T22:01:07+00:00\",\"dateModified\":\"2018-07-16T15:28:23+00:00\",\"description\":\"Discover the various types of orthodontic treatments offered by Dr. Carrier to patients at the Centre dentaire Repentigny and Amari. Find your best smile!\",\"breadcrumb\":{\"@id\":\"https:\/\/orthobenoitc.com\/en\/orthodontic-treatments\/#breadcrumb\"},\"inLanguage\":\"en-US\",\"potentialAction\":[{\"@type\":\"ReadAction\",\"target\":[\"https:\/\/orthobenoitc.com\/en\/orthodontic-treatments\/\"]}]},{\"@type\":\"BreadcrumbList\",\"@id\":\"https:\/\/orthobenoitc.com\/en\/orthodontic-treatments\/#breadcrumb\",\"itemListElement\":[{\"@type\":\"ListItem\",\"position\":1,\"name\":\"Home\",\"item\":\"https:\/\/orthobenoitc.com\/en\/\"},{\"@type\":\"ListItem\",\"position\":2,\"name\":\"Orthodontic treatments\"}]},{\"@type\":\"WebSite\",\"@id\":\"https:\/\/orthobenoitc.com\/#website\",\"url\":\"https:\/\/orthobenoitc.com\/\",\"name\":\"Centre Dentaire Repentigny\",\"description\":\"ORTHODONTIE ESTH\u00c9TIQUE\",\"potentialAction\":[{\"@type\":\"SearchAction\",\"target\":{\"@type\":\"EntryPoint\",\"urlTemplate\":\"https:\/\/orthobenoitc.com\/?s={search_term_string}\"},\"query-input\":{\"@type\":\"PropertyValueSpecification\",\"valueRequired\":true,\"valueName\":\"search_term_string\"}}],\"inLanguage\":\"en-US\"}]}<\/script>\n<!-- \/ Yoast SEO plugin. -->","yoast_head_json":{"title":"Orthodontic Treatments at the Centre dentaire Repentigny & Amari","description":"Discover the various types of orthodontic treatments offered by Dr. Carrier to patients at the Centre dentaire Repentigny and Amari. Find your best smile!","robots":{"index":"index","follow":"follow","max-snippet":"max-snippet:-1","max-image-preview":"max-image-preview:large","max-video-preview":"max-video-preview:-1"},"canonical":"https:\/\/orthobenoitc.com\/en\/orthodontic-treatments\/","og_locale":"en_US","og_type":"article","og_title":"Orthodontic Treatments at the Centre dentaire Repentigny & Amari","og_description":"Discover the various types of orthodontic treatments offered by Dr. Carrier to patients at the Centre dentaire Repentigny and Amari. Find your best smile!","og_url":"https:\/\/orthobenoitc.com\/en\/orthodontic-treatments\/","og_site_name":"Centre Dentaire Repentigny","article_modified_time":"2018-07-16T15:28:23+00:00","twitter_card":"summary_large_image","twitter_misc":{"Est. reading time":"5 minutes"},"schema":{"@context":"https:\/\/schema.org","@graph":[{"@type":"WebPage","@id":"https:\/\/orthobenoitc.com\/en\/orthodontic-treatments\/","url":"https:\/\/orthobenoitc.com\/en\/orthodontic-treatments\/","name":"Orthodontic Treatments at the Centre dentaire Repentigny & Amari","isPartOf":{"@id":"https:\/\/orthobenoitc.com\/#website"},"datePublished":"2017-06-12T22:01:07+00:00","dateModified":"2018-07-16T15:28:23+00:00","description":"Discover the various types of orthodontic treatments offered by Dr. Carrier to patients at the Centre dentaire Repentigny and Amari. Find your best smile!","breadcrumb":{"@id":"https:\/\/orthobenoitc.com\/en\/orthodontic-treatments\/#breadcrumb"},"inLanguage":"en-US","potentialAction":[{"@type":"ReadAction","target":["https:\/\/orthobenoitc.com\/en\/orthodontic-treatments\/"]}]},{"@type":"BreadcrumbList","@id":"https:\/\/orthobenoitc.com\/en\/orthodontic-treatments\/#breadcrumb","itemListElement":[{"@type":"ListItem","position":1,"name":"Home","item":"https:\/\/orthobenoitc.com\/en\/"},{"@type":"ListItem","position":2,"name":"Orthodontic treatments"}]},{"@type":"WebSite","@id":"https:\/\/orthobenoitc.com\/#website","url":"https:\/\/orthobenoitc.com\/","name":"Centre Dentaire Repentigny","description":"ORTHODONTIE ESTH\u00c9TIQUE","potentialAction":[{"@type":"SearchAction","target":{"@type":"EntryPoint","urlTemplate":"https:\/\/orthobenoitc.com\/?s={search_term_string}"},"query-input":{"@type":"PropertyValueSpecification","valueRequired":true,"valueName":"search_term_string"}}],"inLanguage":"en-US"}]}},"_links":{"self":[{"href":"https:\/\/orthobenoitc.com\/en\/wp-json\/wp\/v2\/pages\/392","targetHints":{"allow":["GET"]}}],"collection":[{"href":"https:\/\/orthobenoitc.com\/en\/wp-json\/wp\/v2\/pages"}],"about":[{"href":"https:\/\/orthobenoitc.com\/en\/wp-json\/wp\/v2\/types\/page"}],"author":[{"embeddable":true,"href":"https:\/\/orthobenoitc.com\/en\/wp-json\/wp\/v2\/users\/1"}],"replies":[{"embeddable":true,"href":"https:\/\/orthobenoitc.com\/en\/wp-json\/wp\/v2\/comments?post=392"}],"version-history":[{"count":15,"href":"https:\/\/orthobenoitc.com\/en\/wp-json\/wp\/v2\/pages\/392\/revisions"}],"predecessor-version":[{"id":480,"href":"https:\/\/orthobenoitc.com\/en\/wp-json\/wp\/v2\/pages\/392\/revisions\/480"}],"wp:attachment":[{"href":"https:\/\/orthobenoitc.com\/en\/wp-json\/wp\/v2\/media?parent=392"}],"curies":[{"name":"wp","href":"https:\/\/api.w.org\/{rel}","templated":true}]}}